{"id":76,"date":"2018-02-25T20:41:09","date_gmt":"2018-02-25T19:41:09","guid":{"rendered":"http:\/\/dorfhaus-sterzenbach.de.setup\/?page_id=76"},"modified":"2018-03-01T22:39:49","modified_gmt":"2018-03-01T21:39:49","slug":"termine-2017","status":"publish","type":"page","link":"https:\/\/www.dorfhaus-sterzenbach.de\/?page_id=76","title":{"rendered":"Termine 2017"},"content":{"rendered":"<p>Folgende Termine stehen dieses Jahr an:<\/p>\n<table>\n<tbody>\n<tr>\n<td>15.04.2017<\/td>\n<td>19:00 &#8211; 23:00<\/td>\n<td>Osterfeuer<\/td>\n<\/tr>\n<tr>\n<td>21.04.2014<\/td>\n<td>11:00 &#8211; 18:00<\/td>\n<td>Jahreshauptversammlung<\/td>\n<\/tr>\n<tr>\n<td>26.08.2017<\/td>\n<td>11:00 &#8211; 22:00<\/td>\n<td>40-j\u00e4hriges Vereinsjubil\u00e4um<\/td>\n<\/tr>\n<tr>\n<td>27.08.2017<\/td>\n<td>11:00 &#8211; 19:00<\/td>\n<td>Traditionelle Kinder- und Sommerfest mit vielen tollen Spielen f\u00fcr Jung und Alt<\/td>\n<\/tr>\n<tr>\n<td>30.09.2017<\/td>\n<td>19:00 &#8211; 23:00<\/td>\n<td>Oktoberfest<\/td>\n<\/tr>\n<\/tbody>\n<\/table>\n<p>&nbsp;<\/p>\n<p>Das offene Dorfhaus l\u00e4dt alle Interessierten zu folgenden Terminen ins Dorfhaus ein:<\/p>\n<table>\n<tbody>\n<tr>\n<td>14.09.2018<\/td>\n<td>ab 18:00<\/td>\n<\/tr>\n<tr>\n<td>12.10.2018<\/td>\n<td>ab 18:00<\/td>\n<\/tr>\n<\/tbody>\n<\/table>\n","protected":false},"excerpt":{"rendered":"<p>Folgende Termine stehen dieses Jahr an: 15.04.2017 19:00 &#8211; 23:00 Osterfeuer 21.04.2014 11:00 &#8211; 18:00 Jahreshauptversammlung 26.08.2017 11:00 &#8211; 22:00 40-j\u00e4hriges Vereinsjubil\u00e4um 27.08.2017 11:00 &#8211; 19:00 Traditionelle Kinder- und Sommerfest mit vielen tollen Spielen f\u00fcr Jung und Alt 30.09.2017 19:00 &#8211; 23:00 Oktoberfest &nbsp; Das offene Dorfhaus l\u00e4dt alle Interessierten zu folgenden Terminen ins Dorfhaus ein: 14.09.2018 ab 18:00 12.10.2018 ab 18:00<\/p>\n","protected":false},"author":1,"featured_media":0,"parent":70,"menu_order":0,"comment_status":"closed","ping_status":"closed","template":"","meta":{"ngg_post_thumbnail":0,"footnotes":""},"class_list":["post-76","page","type-page","status-publish","hentry"],"_links":{"self":[{"href":"https:\/\/www.dorfhaus-sterzenbach.de\/index.php?rest_route=\/wp\/v2\/pages\/76","targetHints":{"allow":["GET"]}}],"collection":[{"href":"https:\/\/www.dorfhaus-sterzenbach.de\/index.php?rest_route=\/wp\/v2\/pages"}],"about":[{"href":"https:\/\/www.dorfhaus-sterzenbach.de\/index.php?rest_route=\/wp\/v2\/types\/page"}],"author":[{"embeddable":true,"href":"https:\/\/www.dorfhaus-sterzenbach.de\/index.php?rest_route=\/wp\/v2\/users\/1"}],"replies":[{"embeddable":true,"href":"https:\/\/www.dorfhaus-sterzenbach.de\/index.php?rest_route=%2Fwp%2Fv2%2Fcomments&post=76"}],"version-history":[{"count":3,"href":"https:\/\/www.dorfhaus-sterzenbach.de\/index.php?rest_route=\/wp\/v2\/pages\/76\/revisions"}],"predecessor-version":[{"id":296,"href":"https:\/\/www.dorfhaus-sterzenbach.de\/index.php?rest_route=\/wp\/v2\/pages\/76\/revisions\/296"}],"up":[{"embeddable":true,"href":"https:\/\/www.dorfhaus-sterzenbach.de\/index.php?rest_route=\/wp\/v2\/pages\/70"}],"wp:attachment":[{"href":"https:\/\/www.dorfhaus-sterzenbach.de\/index.php?rest_route=%2Fwp%2Fv2%2Fmedia&parent=76"}],"curies":[{"name":"wp","href":"https:\/\/api.w.org\/{rel}","templated":true}]}}